{"id":2693,"date":"2025-02-10T11:40:28","date_gmt":"2025-02-10T11:40:28","guid":{"rendered":"http:\/\/localhost:8080\/wp-lachongedu\/?page_id=2693"},"modified":"2025-02-11T03:36:51","modified_gmt":"2025-02-11T03:36:51","slug":"gioi-thieu","status":"publish","type":"page","link":"https:\/\/lachongedu.com.vn\/?page_id=2693","title":{"rendered":"GI\u1edaI THI\u1ec6U"},"content":{"rendered":"\n\t<section class=\"section\" id=\"section_1017965755\">\n\t\t<div class=\"section-bg fill\" >\n\t\t\t\t\t\t\t\t\t\n\t\t\t\n\n\t\t<\/div>\n\n\t\t\n\n\t\t<div class=\"section-content relative\">\n\t\t\t\n<div class=\"container section-title-container custom-title\" ><h1 class=\"section-title section-title-center\"><b aria-hidden=\"true\"><\/b><span class=\"section-title-main\" style=\"font-size:135%;color:rgb(10, 43, 29);\">GI\u1edaI THI\u1ec6U V\u1ec0 l\u1ea1c h\u1ed3ng edu<\/span><b aria-hidden=\"true\"><\/b><\/h1><\/div>\n<div class=\"row align-middle\"  id=\"row-2005223565\">\n\n\t<div id=\"col-1802893033\" class=\"col small-12 large-12\"  >\n\t\t\t\t<div class=\"col-inner\"  >\n\t\t\t\n\t\t\t\n\t<div id=\"text-2411950238\" class=\"text text-justifi\">\n\t\t\n<p>C\u00f4ng ty C\u1ed5 ph\u1ea7n\u00a0<strong>L\u1ea1c H\u1ed3ng EDU<\/strong>\u00a0ra \u0111\u1eddi nh\u1eb1m m\u1ee5c \u0111\u00edch ti\u00ean phong v\u00e0 c\u1ed5 v\u0169 3 tinh th\u1ea7n m\u1ea1nh m\u1ebd trong gi\u00e1o d\u1ee5c tr\u1ebb em: to\u00e0n di\u1ec7n, b\u1ec1n v\u1eefng v\u00e0 tr\u1ebb l\u00e0 ch\u00ednh tr\u1ebb, gi\u00fap con v\u1eefng b\u01b0\u1edbc \u0111\u01b0\u1eddng \u0111\u1ea7u tr\u00ean h\u00e0nh tr\u00ecnh tr\u1edf th\u00e0nh c\u00f4ng d\u00e2n to\u00e0n c\u1ea7u.<\/p>\n<p>V\u1eadn h\u00e0nh tr\u00ean n\u1ec1n t\u1ea3ng gi\u00e1o d\u1ee5c t\u00edch c\u1ef1c v\u00e0 khoa h\u1ecdc t\u00e2m l\u00fd trong gi\u00e1o d\u1ee5c k\u1ef9 n\u0103ng, gi\u00e1o tr\u00ecnh c\u1ee7a\u00a0<strong>L\u1ea1c H\u1ed3ng EDU<\/strong>\u00a0lu\u00f4n \u0111\u01b0\u1ee3c tham kh\u1ea3o t\u1eeb c\u00e1c t\u1ed5 ch\u1ee9c gi\u00e1o d\u1ee5c Hoa K\u1ef3 \u0111\u1ec3 vi\u1ec7c x\u00e2y d\u1ef1ng b\u00e0i h\u1ecdc lu\u00f4n ch\u1ec9n chu v\u00e0 c\u00f3 s\u1ef1 \u0111i\u1ec1u ch\u1ec9nh ph\u00f9 h\u1ee3p sao cho ph\u00e1t huy m\u1ed9t c\u00e1ch hi\u1ec7u qu\u1ea3 nh\u1ea5t ti\u1ec1m n\u0103ng c\u1ee7a tr\u1ebb em Vi\u1ec7t Nam. M\u1ed7i ti\u1ebft d\u1ea1y l\u00e0 m\u1ed7i c\u01a1 h\u1ed9i qu\u00fd b\u00e1u \u0111\u1ec3 c\u00e1c gi\u00e1o vi\u00ean c\u1ee7a\u00a0<strong>L\u1ea1c H\u1ed3ng EDU<\/strong>\u00a0c\u00f3 th\u1ec3 r\u00e8n luy\u1ec7n t\u01b0 duy t\u00edch c\u1ef1c v\u00e0 t\u01b0 duy s\u00e1ng t\u1ea1o trong tr\u1ebb.<\/p>\n<p>Vi\u1ec7c gi\u1ea3ng d\u1ea1y lu\u00f4n ch\u00fa tr\u1ecdng t\u00ednh \u1ee9ng d\u1ee5ng c\u1ee7a ki\u1ebfn th\u1ee9c, l\u1ea5y h\u1ecdc sinh l\u00e0m trung t\u00e2m, gi\u00fap c\u00e1c k\u1ef9 n\u00e3ng \u0111\u1ec1u \u0111\u01b0\u1ee3c th\u1ef1c h\u00e0nh tr\u00ean tinh th\u1ea7n \u201cTr\u00e1i nghi\u1ec7m ch\u1ee7 \u0111\u1ea1o, s\u00e1ng t\u1ea1o ki\u1ebfn th\u1ee9c\u201d. M\u1ed7i tr\u1ea3i nghi\u1ec7m l\u00e0 m\u1ed9t b\u00e0i h\u1ecdc gi\u00fap tr\u1ebb h\u00ecnh th\u00e0nh th\u00f3i quen v\u00e0 r\u00e8n luy\u1ec7n th\u00e0nh k\u1ef9 n\u0103ng cho ch\u00ednh m\u00ecnh. T\u1eeb \u0111\u00f3 gi\u00fap tr\u1ebb l\u00e0m ch\u1ee7 b\u1ea3n th\u00e2n, h\u1ecdc t\u1eadp hi\u1ec7u qu\u1ea3, th\u00edch nghi \u1ee9ng x\u1ee9 ph\u00f9 h\u1ee3p v\u1edbi c\u1ed9ng \u0111\u1ed3ng \u2013 x\u00e3 h\u1ed9i, \u1ee9ng ph\u00f3 t\u00edch h\u1ee3p trong c\u00e1c t\u00ecnh hu\u1ed1ng c\u1ee7a cu\u1ed9c s\u1ed1ng.<\/p>\n<p style=\"text-align: right;\"><em>Th\u00e2n m\u1ebfn<\/em><\/p>\n\t\t\t<\/div>\n\t\n\t\t<\/div>\n\t\t\t\t\t<\/div>\n\n\t\n<\/div>\n\t\t<\/div>\n\n\t\t\n<style>\n#section_1017965755 {\n  padding-top: 0px;\n  padding-bottom: 0px;\n  background-color: rgb(249, 249, 249);\n}\n<\/style>\n\t<\/section>\n\t\n","protected":false},"excerpt":{"rendered":"","protected":false},"author":1,"featured_media":0,"parent":0,"menu_order":0,"comment_status":"closed","ping_status":"closed","template":"page-blank.php","meta":{"footnotes":""},"class_list":["post-2693","page","type-page","status-publish","hentry"],"_links":{"self":[{"href":"https:\/\/lachongedu.com.vn\/index.php?rest_route=\/wp\/v2\/pages\/2693","targetHints":{"allow":["GET"]}}],"collection":[{"href":"https:\/\/lachongedu.com.vn\/index.php?rest_route=\/wp\/v2\/pages"}],"about":[{"href":"https:\/\/lachongedu.com.vn\/index.php?rest_route=\/wp\/v2\/types\/page"}],"author":[{"embeddable":true,"href":"https:\/\/lachongedu.com.vn\/index.php?rest_route=\/wp\/v2\/users\/1"}],"replies":[{"embeddable":true,"href":"https:\/\/lachongedu.com.vn\/index.php?rest_route=%2Fwp%2Fv2%2Fcomments&post=2693"}],"version-history":[{"count":5,"href":"https:\/\/lachongedu.com.vn\/index.php?rest_route=\/wp\/v2\/pages\/2693\/revisions"}],"predecessor-version":[{"id":2751,"href":"https:\/\/lachongedu.com.vn\/index.php?rest_route=\/wp\/v2\/pages\/2693\/revisions\/2751"}],"wp:attachment":[{"href":"https:\/\/lachongedu.com.vn\/index.php?rest_route=%2Fwp%2Fv2%2Fmedia&parent=2693"}],"curies":[{"name":"wp","href":"https:\/\/api.w.org\/{rel}","templated":true}]}}