{"id":2755,"date":"2025-02-11T03:44:18","date_gmt":"2025-02-11T03:44:18","guid":{"rendered":"http:\/\/localhost:8080\/wp-lachongedu\/document-library\/"},"modified":"2025-02-11T03:54:26","modified_gmt":"2025-02-11T03:54:26","slug":"document-library","status":"publish","type":"page","link":"https:\/\/lachongedu.com.vn\/?page_id=2755","title":{"rendered":"Document Library"},"content":{"rendered":"\t\t<input type=\"hidden\" name=\"category-search-3601591174bac975d151668119b8779f2f\" value=\"\" class=\"category-search-3601591174bac975d151668119b8779f2f\">\n\t\t<table id=\"3601591174bac975d151668119b8779f2f\" class=\"document-library-table\" data-page-length=\"20\" data-paging=\"false\" data-click-filter=\"true\" data-scroll-offset=\"15\" cellspacing=\"0\" width=\"100%\">\n\t\t\t<thead><tr><th data-name=\"id\" data-priority=\"3\" data-width=\"\" data-orderable=\"true\">ID<\/th><th data-name=\"title\" data-priority=\"1\" data-width=\"\" data-orderable=\"true\">Title<\/th><th data-name=\"content\" data-priority=\"5\" data-width=\"\" data-orderable=\"true\">Content<\/th><th data-name=\"image\" data-priority=\"6\" data-width=\"\" data-orderable=\"false\">Image<\/th><th data-name=\"date\" data-priority=\"2\" data-width=\"\" data-orderable=\"true\">Date<\/th><th data-name=\"doc_categories\" data-priority=\"7\" data-width=\"\" data-orderable=\"true\">Categories<\/th><th data-name=\"link\" data-priority=\"4\" data-width=\"\" data-orderable=\"false\">Link<\/th><\/tr><\/thead>\t\t\t<tbody>\n\t\t\t\t<tr><td>2913<\/td><td>\u0110I\u1ec2M KINH DOANH T\u1ea0I XU\u00c2N TH\u1ee6Y TI\u00caN<\/td><td><\/td><td><\/td><td>2025\/03\/26<\/td><td><a href=\"https:\/\/lachongedu.com.vn\/?doc_categories=mon-khac\" rel=\"tag\">M\u00d4N KH\u00c1C<\/a><\/td><td><a href=\"https:\/\/lachongedu.com.vn\/wp-content\/uploads\/2025\/03\/250305-Diem-Kinh-doanh-tai-Thuy-Xuan-Tien.docx\" class=\"dll-download-button document-library-button button btn\"  download=\"250305-Diem-Kinh-doanh-tai-Thuy-Xuan-Tien.docx\" type=\"application\/vnd.openxmlformats-officedocument.wordprocessingml.document\">Download<\/a><\/td><\/tr><tr><td>2911<\/td><td>TB HO\u00c0NG V\u0102N TH\u1ee4<\/td><td><\/td><td><\/td><td>2025\/03\/26<\/td><td><a href=\"https:\/\/lachongedu.com.vn\/?doc_categories=mon-khac\" rel=\"tag\">M\u00d4N KH\u00c1C<\/a><\/td><td><a href=\"https:\/\/lachongedu.com.vn\/wp-content\/uploads\/2025\/03\/250305-TB-Hoang-Van-Thu.docx\" class=\"dll-download-button document-library-button button btn\"  download=\"250305-TB-Hoang-Van-Thu.docx\" type=\"application\/vnd.openxmlformats-officedocument.wordprocessingml.document\">Download<\/a><\/td><\/tr><tr><td>2909<\/td><td>\u0110\u00d4NG PH\u01af\u01a0NG Y\u00caN V\u00c0 TR\u01af\u1edcNG Y\u00caN<\/td><td><\/td><td><\/td><td>2025\/03\/26<\/td><td><a href=\"https:\/\/lachongedu.com.vn\/?doc_categories=mon-khac\" rel=\"tag\">M\u00d4N KH\u00c1C<\/a><\/td><td><a href=\"https:\/\/lachongedu.com.vn\/wp-content\/uploads\/2025\/03\/250203-Dong-Phuong-Yen-va-TRuong-Yen.docx\" class=\"dll-download-button document-library-button button btn\"  download=\"250203-Dong-Phuong-Yen-va-TRuong-Yen.docx\" type=\"application\/vnd.openxmlformats-officedocument.wordprocessingml.document\">Download<\/a><\/td><\/tr><tr><td>2907<\/td><td>TH\u00d4NG B\u00c1O CS NAM PH\u01af\u01a0NG TI\u1ebeN<\/td><td><\/td><td><\/td><td>2025\/03\/26<\/td><td><a href=\"https:\/\/lachongedu.com.vn\/?doc_categories=mon-khac\" rel=\"tag\">M\u00d4N KH\u00c1C<\/a><\/td><td><a href=\"https:\/\/lachongedu.com.vn\/wp-content\/uploads\/2025\/03\/250320-Thong-bao-CS-Nam-Phuong-Tien.docx\" class=\"dll-download-button document-library-button button btn\"  download=\"250320-Thong-bao-CS-Nam-Phuong-Tien.docx\" type=\"application\/vnd.openxmlformats-officedocument.wordprocessingml.document\">Download<\/a><\/td><\/tr><tr><td>2905<\/td><td>TH\u00d4NG B\u00c1O LAM \u0110I\u1ec0N-CS6<\/td><td><\/td><td><\/td><td>2025\/03\/26<\/td><td><a href=\"https:\/\/lachongedu.com.vn\/?doc_categories=mon-khac\" rel=\"tag\">M\u00d4N KH\u00c1C<\/a><\/td><td><a href=\"https:\/\/lachongedu.com.vn\/wp-content\/uploads\/2025\/03\/250305-Thong-bao-Lam-Dien-CS6.docx\" class=\"dll-download-button document-library-button button btn\"  download=\"250305-Thong-bao-Lam-Dien-CS6.docx\" type=\"application\/vnd.openxmlformats-officedocument.wordprocessingml.document\">Download<\/a><\/td><\/tr><tr><td>2766<\/td><td>T\u00c0I LI\u1ec6U C\u00c1C M\u00d4N KH\u00c1C<\/td><td>T\u00c0I LI\u1ec6U<\/td><td><img loading=\"lazy\" decoding=\"async\" width=\"150\" height=\"150\" src=\"https:\/\/lachongedu.com.vn\/wp-content\/uploads\/2025\/02\/cropped-logo-ktech-150x150.png\" class=\"\" alt=\"T\u00c0I LI\u1ec6U C\u00c1C M\u00d4N KH\u00c1C\" title=\"cropped-logo-ktech.png\" data-caption=\"T\u00c0I LI\u1ec6U C\u00c1C M\u00d4N KH\u00c1C\" data-src=\"https:\/\/lachongedu.com.vn\/wp-content\/uploads\/2025\/02\/cropped-logo-ktech.png\" data-large_image=\"https:\/\/lachongedu.com.vn\/wp-content\/uploads\/2025\/02\/cropped-logo-ktech.png\" data-large_image_width=\"512\" data-large_image_height=\"512\" srcset=\"https:\/\/lachongedu.com.vn\/wp-content\/uploads\/2025\/02\/cropped-logo-ktech-150x150.png 150w, https:\/\/lachongedu.com.vn\/wp-content\/uploads\/2025\/02\/cropped-logo-ktech-300x300.png 300w, https:\/\/lachongedu.com.vn\/wp-content\/uploads\/2025\/02\/cropped-logo-ktech-270x270.png 270w, https:\/\/lachongedu.com.vn\/wp-content\/uploads\/2025\/02\/cropped-logo-ktech-192x192.png 192w, https:\/\/lachongedu.com.vn\/wp-content\/uploads\/2025\/02\/cropped-logo-ktech-180x180.png 180w, https:\/\/lachongedu.com.vn\/wp-content\/uploads\/2025\/02\/cropped-logo-ktech-32x32.png 32w, https:\/\/lachongedu.com.vn\/wp-content\/uploads\/2025\/02\/cropped-logo-ktech.png 512w\" sizes=\"auto, (max-width: 150px) 100vw, 150px\" \/><\/td><td>2025\/02\/11<\/td><td><a href=\"https:\/\/lachongedu.com.vn\/?doc_categories=mon-khac\" rel=\"tag\">M\u00d4N KH\u00c1C<\/a><\/td><td><a href=\"https:\/\/lachongedu.com.vn\/wp-content\/uploads\/2025\/02\/Mediamodifier-Design-Template.pdf\" class=\"dll-download-button document-library-button button btn\"  download=\"Mediamodifier-Design-Template.pdf\" type=\"application\/pdf\">Download<\/a><\/td><\/tr><tr><td>2765<\/td><td>DU H\u1eccC<\/td><td>T\u00c0I LI\u1ec6U DU H\u1eccC<\/td><td><img loading=\"lazy\" decoding=\"async\" width=\"150\" height=\"150\" src=\"https:\/\/lachongedu.com.vn\/wp-content\/uploads\/2025\/02\/cropped-logo-ktech-150x150.png\" class=\"\" alt=\"DU H\u1eccC\" title=\"cropped-logo-ktech.png\" data-caption=\"DU H\u1eccC\" data-src=\"https:\/\/lachongedu.com.vn\/wp-content\/uploads\/2025\/02\/cropped-logo-ktech.png\" data-large_image=\"https:\/\/lachongedu.com.vn\/wp-content\/uploads\/2025\/02\/cropped-logo-ktech.png\" data-large_image_width=\"512\" data-large_image_height=\"512\" srcset=\"https:\/\/lachongedu.com.vn\/wp-content\/uploads\/2025\/02\/cropped-logo-ktech-150x150.png 150w, https:\/\/lachongedu.com.vn\/wp-content\/uploads\/2025\/02\/cropped-logo-ktech-300x300.png 300w, https:\/\/lachongedu.com.vn\/wp-content\/uploads\/2025\/02\/cropped-logo-ktech-270x270.png 270w, https:\/\/lachongedu.com.vn\/wp-content\/uploads\/2025\/02\/cropped-logo-ktech-192x192.png 192w, https:\/\/lachongedu.com.vn\/wp-content\/uploads\/2025\/02\/cropped-logo-ktech-180x180.png 180w, https:\/\/lachongedu.com.vn\/wp-content\/uploads\/2025\/02\/cropped-logo-ktech-32x32.png 32w, https:\/\/lachongedu.com.vn\/wp-content\/uploads\/2025\/02\/cropped-logo-ktech.png 512w\" sizes=\"auto, (max-width: 150px) 100vw, 150px\" \/><\/td><td>2025\/02\/11<\/td><td><a href=\"https:\/\/lachongedu.com.vn\/?doc_categories=du-hoc\" rel=\"tag\">DU H\u1eccC<\/a><\/td><td><a href=\"https:\/\/lachongedu.com.vn\/wp-content\/uploads\/2025\/02\/Mediamodifier-Design-Template.pdf\" class=\"dll-download-button document-library-button button btn\"  download=\"Mediamodifier-Design-Template.pdf\" type=\"application\/pdf\">Download<\/a><\/td><\/tr><tr><td>2764<\/td><td>M\u00f4n Ti\u1ebfng Anh<\/td><td>T\u00c0I LI\u1ec6U Ti\u1ebfng Anh<\/td><td><img loading=\"lazy\" decoding=\"async\" width=\"150\" height=\"150\" src=\"https:\/\/lachongedu.com.vn\/wp-content\/uploads\/2025\/02\/cropped-logo-ktech-150x150.png\" class=\"\" alt=\"M\u00f4n Ti\u1ebfng Anh\" title=\"cropped-logo-ktech.png\" data-caption=\"M\u00f4n Ti\u1ebfng Anh\" data-src=\"https:\/\/lachongedu.com.vn\/wp-content\/uploads\/2025\/02\/cropped-logo-ktech.png\" data-large_image=\"https:\/\/lachongedu.com.vn\/wp-content\/uploads\/2025\/02\/cropped-logo-ktech.png\" data-large_image_width=\"512\" data-large_image_height=\"512\" srcset=\"https:\/\/lachongedu.com.vn\/wp-content\/uploads\/2025\/02\/cropped-logo-ktech-150x150.png 150w, https:\/\/lachongedu.com.vn\/wp-content\/uploads\/2025\/02\/cropped-logo-ktech-300x300.png 300w, https:\/\/lachongedu.com.vn\/wp-content\/uploads\/2025\/02\/cropped-logo-ktech-270x270.png 270w, https:\/\/lachongedu.com.vn\/wp-content\/uploads\/2025\/02\/cropped-logo-ktech-192x192.png 192w, https:\/\/lachongedu.com.vn\/wp-content\/uploads\/2025\/02\/cropped-logo-ktech-180x180.png 180w, https:\/\/lachongedu.com.vn\/wp-content\/uploads\/2025\/02\/cropped-logo-ktech-32x32.png 32w, https:\/\/lachongedu.com.vn\/wp-content\/uploads\/2025\/02\/cropped-logo-ktech.png 512w\" sizes=\"auto, (max-width: 150px) 100vw, 150px\" \/><\/td><td>2025\/02\/11<\/td><td><a href=\"https:\/\/lachongedu.com.vn\/?doc_categories=tieng-anh\" rel=\"tag\">TI\u1ebeNG ANH<\/a><\/td><td><a href=\"https:\/\/lachongedu.com.vn\/wp-content\/uploads\/2025\/02\/Mediamodifier-Design-Template.pdf\" class=\"dll-download-button document-library-button button btn\"  download=\"Mediamodifier-Design-Template.pdf\" type=\"application\/pdf\">Download<\/a><\/td><\/tr><tr><td>2763<\/td><td>M\u00f4n V\u0103n<\/td><td>T\u00c0I LI\u1ec6U V\u0103n H\u1ecdc<\/td><td><img loading=\"lazy\" decoding=\"async\" width=\"150\" height=\"150\" src=\"https:\/\/lachongedu.com.vn\/wp-content\/uploads\/2025\/02\/cropped-logo-ktech-150x150.png\" class=\"\" alt=\"M\u00f4n V\u0103n\" title=\"cropped-logo-ktech.png\" data-caption=\"M\u00f4n V\u0103n\" data-src=\"https:\/\/lachongedu.com.vn\/wp-content\/uploads\/2025\/02\/cropped-logo-ktech.png\" data-large_image=\"https:\/\/lachongedu.com.vn\/wp-content\/uploads\/2025\/02\/cropped-logo-ktech.png\" data-large_image_width=\"512\" data-large_image_height=\"512\" srcset=\"https:\/\/lachongedu.com.vn\/wp-content\/uploads\/2025\/02\/cropped-logo-ktech-150x150.png 150w, https:\/\/lachongedu.com.vn\/wp-content\/uploads\/2025\/02\/cropped-logo-ktech-300x300.png 300w, https:\/\/lachongedu.com.vn\/wp-content\/uploads\/2025\/02\/cropped-logo-ktech-270x270.png 270w, https:\/\/lachongedu.com.vn\/wp-content\/uploads\/2025\/02\/cropped-logo-ktech-192x192.png 192w, https:\/\/lachongedu.com.vn\/wp-content\/uploads\/2025\/02\/cropped-logo-ktech-180x180.png 180w, https:\/\/lachongedu.com.vn\/wp-content\/uploads\/2025\/02\/cropped-logo-ktech-32x32.png 32w, https:\/\/lachongedu.com.vn\/wp-content\/uploads\/2025\/02\/cropped-logo-ktech.png 512w\" sizes=\"auto, (max-width: 150px) 100vw, 150px\" \/><\/td><td>2025\/02\/11<\/td><td><a href=\"https:\/\/lachongedu.com.vn\/?doc_categories=van\" rel=\"tag\">V\u0102N<\/a><\/td><td><a href=\"https:\/\/lachongedu.com.vn\/wp-content\/uploads\/2025\/02\/Mediamodifier-Design-Template.pdf\" class=\"dll-download-button document-library-button button btn\"  download=\"Mediamodifier-Design-Template.pdf\" type=\"application\/pdf\">Download<\/a><\/td><\/tr><tr><td>2757<\/td><td>M\u00f4n To\u00e1n<\/td><td>T\u00c0I LI\u1ec6U TO\u00c1N H\u1eccC<\/td><td><img loading=\"lazy\" decoding=\"async\" width=\"150\" height=\"150\" src=\"https:\/\/lachongedu.com.vn\/wp-content\/uploads\/2025\/02\/cropped-logo-ktech-150x150.png\" class=\"\" alt=\"M\u00f4n To\u00e1n\" title=\"cropped-logo-ktech.png\" data-caption=\"M\u00f4n To\u00e1n\" data-src=\"https:\/\/lachongedu.com.vn\/wp-content\/uploads\/2025\/02\/cropped-logo-ktech.png\" data-large_image=\"https:\/\/lachongedu.com.vn\/wp-content\/uploads\/2025\/02\/cropped-logo-ktech.png\" data-large_image_width=\"512\" data-large_image_height=\"512\" srcset=\"https:\/\/lachongedu.com.vn\/wp-content\/uploads\/2025\/02\/cropped-logo-ktech-150x150.png 150w, https:\/\/lachongedu.com.vn\/wp-content\/uploads\/2025\/02\/cropped-logo-ktech-300x300.png 300w, https:\/\/lachongedu.com.vn\/wp-content\/uploads\/2025\/02\/cropped-logo-ktech-270x270.png 270w, https:\/\/lachongedu.com.vn\/wp-content\/uploads\/2025\/02\/cropped-logo-ktech-192x192.png 192w, https:\/\/lachongedu.com.vn\/wp-content\/uploads\/2025\/02\/cropped-logo-ktech-180x180.png 180w, https:\/\/lachongedu.com.vn\/wp-content\/uploads\/2025\/02\/cropped-logo-ktech-32x32.png 32w, https:\/\/lachongedu.com.vn\/wp-content\/uploads\/2025\/02\/cropped-logo-ktech.png 512w\" sizes=\"auto, (max-width: 150px) 100vw, 150px\" \/><\/td><td>2025\/02\/11<\/td><td><a href=\"https:\/\/lachongedu.com.vn\/?doc_categories=toan\" rel=\"tag\">TO\u00c1N<\/a><\/td><td><a href=\"https:\/\/lachongedu.com.vn\/wp-content\/uploads\/2025\/02\/Mediamodifier-Design-Template.pdf\" class=\"dll-download-button document-library-button button btn\"  download=\"Mediamodifier-Design-Template.pdf\" type=\"application\/pdf\">Download<\/a><\/td><\/tr>\t\t\t<\/tbody>\n\t\t<\/table>\n\t\t\n","protected":false},"excerpt":{"rendered":"","protected":false},"author":1,"featured_media":0,"parent":0,"menu_order":0,"comment_status":"closed","ping_status":"closed","template":"","meta":{"footnotes":""},"class_list":["post-2755","page","type-page","status-publish","hentry"],"_links":{"self":[{"href":"https:\/\/lachongedu.com.vn\/index.php?rest_route=\/wp\/v2\/pages\/2755","targetHints":{"allow":["GET"]}}],"collection":[{"href":"https:\/\/lachongedu.com.vn\/index.php?rest_route=\/wp\/v2\/pages"}],"about":[{"href":"https:\/\/lachongedu.com.vn\/index.php?rest_route=\/wp\/v2\/types\/page"}],"author":[{"embeddable":true,"href":"https:\/\/lachongedu.com.vn\/index.php?rest_route=\/wp\/v2\/users\/1"}],"replies":[{"embeddable":true,"href":"https:\/\/lachongedu.com.vn\/index.php?rest_route=%2Fwp%2Fv2%2Fcomments&post=2755"}],"version-history":[{"count":1,"href":"https:\/\/lachongedu.com.vn\/index.php?rest_route=\/wp\/v2\/pages\/2755\/revisions"}],"predecessor-version":[{"id":2756,"href":"https:\/\/lachongedu.com.vn\/index.php?rest_route=\/wp\/v2\/pages\/2755\/revisions\/2756"}],"wp:attachment":[{"href":"https:\/\/lachongedu.com.vn\/index.php?rest_route=%2Fwp%2Fv2%2Fmedia&parent=2755"}],"curies":[{"name":"wp","href":"https:\/\/api.w.org\/{rel}","templated":true}]}}